{"id":190,"date":"2018-11-19T09:18:00","date_gmt":"2018-11-19T09:18:00","guid":{"rendered":"http:\/\/www.iesdamasoalonso.es\/pes\/?page_id=190"},"modified":"2018-11-19T09:44:24","modified_gmt":"2018-11-19T09:44:24","slug":"carreraorientacion1819","status":"publish","type":"page","link":"http:\/\/www.iesdamasoalonso.es\/pes\/programas-y-actividades-realizadas\/carreraorientacion1819\/","title":{"rendered":"Carrera de Orientaci\u00f3n_1819"},"content":{"rendered":"<p>Actividad complementaria: Carrera de Orientaci\u00f3n.<\/p>\n<p>Fecha:15 de noviembre de 2018,<\/p>\n<p>Lugar : Minas del pozo norte (Puertollano)<\/p>\n<p>Resumen: Consisti\u00f3 en hacer un recorrido por grupos, ten\u00edan que llegar a lugares clave, que estaban reflejados en el mapa, recoger el mensaje, rellenar los cuadrantes y llegar lo antes posible a la meta.<\/p>\n<p>&nbsp;<\/p>\n<div id=\"envira-gallery-wrap-193\" class=\"envira-gallery-wrap envira-gallery-theme-base envira-lightbox-theme-base\" itemscope itemtype=\"https:\/\/schema.org\/ImageGallery\"><div style=\"opacity: 0.0\"  data-row-height=\"150\" data-gallery-theme=\"normal\" id=\"envira-gallery-193\" class=\"envira-gallery-public envira-gallery-justified-public envira-gallery-0-columns envira-clear enviratope envira-gallery-css-animations\" data-envira-columns=\"0\"><div id=\"envira-gallery-item-194\" class=\"envira-gallery-item enviratope-item envira-gallery-item-1 envira-lazy-load\" style=\"padding-left: 5px; padding-bottom: 10px; padding-right: 5px;\"  itemscope itemtype=\"https:\/\/schema.org\/ImageObject\"><div class=\"envira-gallery-item-inner\"><div class=\"envira-gallery-position-overlay  envira-gallery-top-left\"><\/div><div class=\"envira-gallery-position-overlay  envira-gallery-top-right\"><\/div><div class=\"envira-gallery-position-overlay  envira-gallery-bottom-left\"><\/div><div class=\"envira-gallery-position-overlay  envira-gallery-bottom-right\"><\/div><a href=\"http:\/\/www.iesdamasoalonso.es\/pes\/wp-content\/uploads\/2018\/11\/IMG_20181115_125316.jpg\" class=\"envira-gallery-193 envira-gallery-link\" rel=\"enviragallery193\" title=\"IMG_20181115_125316\" data-envira-caption=\"IMG_20181115_125316\" data-envira-retina=\"\" data-thumbnail=\"\"  itemprop=\"contentUrl\"><img id=\"envira-gallery-image-194\" class=\"envira-gallery-image envira-gallery-image-1 envira-normal envira-lazy\" data-envira-index=\"1\" src=\"http:\/\/www.iesdamasoalonso.es\/pes\/wp-content\/uploads\/2018\/11\/IMG_20181115_125316-1024x768-640x480.jpg\" data-envira-src=\"http:\/\/www.iesdamasoalonso.es\/pes\/wp-content\/uploads\/2018\/11\/IMG_20181115_125316-1024x768-640x480.jpg\" data-envira-gallery-id=\"193\" data-envira-item-id=\"194\" data-envira-caption=\"IMG_20181115_125316\" alt=\"\" title=\"IMG_20181115_125316\"  itemprop=\"thumbnailUrl\" data-envira-srcset=\"http:\/\/www.iesdamasoalonso.es\/pes\/wp-content\/uploads\/2018\/11\/IMG_20181115_125316-1024x768-640x480.jpg 400w,http:\/\/www.iesdamasoalonso.es\/pes\/wp-content\/uploads\/2018\/11\/IMG_20181115_125316-1024x768-640x480.jpg 2x\" data-envira-width=\"300\" data-envira-height=\"225\" srcset=\"data:image\/gif;base64,R0lGODlhAQABAIAAAP\/\/\/\/\/\/\/yH5BAEKAAEALAAAAAABAAEAAAICTAEAOw==\" data-safe-src=\"data:image\/gif;base64,R0lGODlhAQABAIAAAP\/\/\/\/\/\/\/yH5BAEKAAEALAAAAAABAAEAAAICTAEAOw==\" \/><\/a><\/div><\/div><div id=\"envira-gallery-item-195\" class=\"envira-gallery-item enviratope-item envira-gallery-item-2 envira-lazy-load\" style=\"padding-left: 5px; padding-bottom: 10px; padding-right: 5px;\"  itemscope itemtype=\"https:\/\/schema.org\/ImageObject\"><div class=\"envira-gallery-item-inner\"><div class=\"envira-gallery-position-overlay  envira-gallery-top-left\"><\/div><div class=\"envira-gallery-position-overlay  envira-gallery-top-right\"><\/div><div class=\"envira-gallery-position-overlay  envira-gallery-bottom-left\"><\/div><div class=\"envira-gallery-position-overlay  envira-gallery-bottom-right\"><\/div><a href=\"http:\/\/www.iesdamasoalonso.es\/pes\/wp-content\/uploads\/2018\/11\/IMG_20181115_121611.jpg\" class=\"envira-gallery-193 envira-gallery-link\" rel=\"enviragallery193\" title=\"IMG_20181115_121611\" data-envira-caption=\"IMG_20181115_121611\" data-envira-retina=\"\" data-thumbnail=\"\"  itemprop=\"contentUrl\"><img id=\"envira-gallery-image-195\" class=\"envira-gallery-image envira-gallery-image-2 envira-normal envira-lazy\" data-envira-index=\"2\" src=\"http:\/\/www.iesdamasoalonso.es\/pes\/wp-content\/uploads\/2018\/11\/IMG_20181115_121611-1024x768-640x480.jpg\" data-envira-src=\"http:\/\/www.iesdamasoalonso.es\/pes\/wp-content\/uploads\/2018\/11\/IMG_20181115_121611-1024x768-640x480.jpg\" data-envira-gallery-id=\"193\" data-envira-item-id=\"195\" data-envira-caption=\"IMG_20181115_121611\" alt=\"\" title=\"IMG_20181115_121611\"  itemprop=\"thumbnailUrl\" data-envira-srcset=\"http:\/\/www.iesdamasoalonso.es\/pes\/wp-content\/uploads\/2018\/11\/IMG_20181115_121611-1024x768-640x480.jpg 400w,http:\/\/www.iesdamasoalonso.es\/pes\/wp-content\/uploads\/2018\/11\/IMG_20181115_121611-1024x768-640x480.jpg 2x\" data-envira-width=\"300\" data-envira-height=\"225\" srcset=\"data:image\/gif;base64,R0lGODlhAQABAIAAAP\/\/\/\/\/\/\/yH5BAEKAAEALAAAAAABAAEAAAICTAEAOw==\" data-safe-src=\"data:image\/gif;base64,R0lGODlhAQABAIAAAP\/\/\/\/\/\/\/yH5BAEKAAEALAAAAAABAAEAAAICTAEAOw==\" \/><\/a><\/div><\/div><div id=\"envira-gallery-item-196\" class=\"envira-gallery-item enviratope-item envira-gallery-item-3 envira-lazy-load\" style=\"padding-left: 5px; padding-bottom: 10px; padding-right: 5px;\"  itemscope itemtype=\"https:\/\/schema.org\/ImageObject\"><div class=\"envira-gallery-item-inner\"><div class=\"envira-gallery-position-overlay  envira-gallery-top-left\"><\/div><div class=\"envira-gallery-position-overlay  envira-gallery-top-right\"><\/div><div class=\"envira-gallery-position-overlay  envira-gallery-bottom-left\"><\/div><div class=\"envira-gallery-position-overlay  envira-gallery-bottom-right\"><\/div><a href=\"http:\/\/www.iesdamasoalonso.es\/pes\/wp-content\/uploads\/2018\/11\/IMG_20181115_125319.jpg\" class=\"envira-gallery-193 envira-gallery-link\" rel=\"enviragallery193\" title=\"IMG_20181115_125319\" data-envira-caption=\"IMG_20181115_125319\" data-envira-retina=\"\" data-thumbnail=\"\"  itemprop=\"contentUrl\"><img id=\"envira-gallery-image-196\" class=\"envira-gallery-image envira-gallery-image-3 envira-normal envira-lazy\" data-envira-index=\"3\" src=\"http:\/\/www.iesdamasoalonso.es\/pes\/wp-content\/uploads\/2018\/11\/IMG_20181115_125319-1024x768-640x480.jpg\" data-envira-src=\"http:\/\/www.iesdamasoalonso.es\/pes\/wp-content\/uploads\/2018\/11\/IMG_20181115_125319-1024x768-640x480.jpg\" data-envira-gallery-id=\"193\" data-envira-item-id=\"196\" data-envira-caption=\"IMG_20181115_125319\" alt=\"\" title=\"IMG_20181115_125319\"  itemprop=\"thumbnailUrl\" data-envira-srcset=\"http:\/\/www.iesdamasoalonso.es\/pes\/wp-content\/uploads\/2018\/11\/IMG_20181115_125319-1024x768-640x480.jpg 400w,http:\/\/www.iesdamasoalonso.es\/pes\/wp-content\/uploads\/2018\/11\/IMG_20181115_125319-1024x768-640x480.jpg 2x\" data-envira-width=\"300\" data-envira-height=\"225\" srcset=\"data:image\/gif;base64,R0lGODlhAQABAIAAAP\/\/\/\/\/\/\/yH5BAEKAAEALAAAAAABAAEAAAICTAEAOw==\" data-safe-src=\"data:image\/gif;base64,R0lGODlhAQABAIAAAP\/\/\/\/\/\/\/yH5BAEKAAEALAAAAAABAAEAAAICTAEAOw==\" \/><\/a><\/div><\/div><div id=\"envira-gallery-item-197\" class=\"envira-gallery-item enviratope-item envira-gallery-item-4 envira-lazy-load\" style=\"padding-left: 5px; padding-bottom: 10px; padding-right: 5px;\"  itemscope itemtype=\"https:\/\/schema.org\/ImageObject\"><div class=\"envira-gallery-item-inner\"><div class=\"envira-gallery-position-overlay  envira-gallery-top-left\"><\/div><div class=\"envira-gallery-position-overlay  envira-gallery-top-right\"><\/div><div class=\"envira-gallery-position-overlay  envira-gallery-bottom-left\"><\/div><div class=\"envira-gallery-position-overlay  envira-gallery-bottom-right\"><\/div><a href=\"http:\/\/www.iesdamasoalonso.es\/pes\/wp-content\/uploads\/2018\/11\/IMG_20181115_121629.jpg\" class=\"envira-gallery-193 envira-gallery-link\" rel=\"enviragallery193\" title=\"IMG_20181115_121629\" data-envira-caption=\"IMG_20181115_121629\" data-envira-retina=\"\" data-thumbnail=\"\"  itemprop=\"contentUrl\"><img id=\"envira-gallery-image-197\" class=\"envira-gallery-image envira-gallery-image-4 envira-normal envira-lazy\" data-envira-index=\"4\" src=\"http:\/\/www.iesdamasoalonso.es\/pes\/wp-content\/uploads\/2018\/11\/IMG_20181115_121629-1024x768-640x480.jpg\" data-envira-src=\"http:\/\/www.iesdamasoalonso.es\/pes\/wp-content\/uploads\/2018\/11\/IMG_20181115_121629-1024x768-640x480.jpg\" data-envira-gallery-id=\"193\" data-envira-item-id=\"197\" data-envira-caption=\"IMG_20181115_121629\" alt=\"\" title=\"IMG_20181115_121629\"  itemprop=\"thumbnailUrl\" data-envira-srcset=\"http:\/\/www.iesdamasoalonso.es\/pes\/wp-content\/uploads\/2018\/11\/IMG_20181115_121629-1024x768-640x480.jpg 400w,http:\/\/www.iesdamasoalonso.es\/pes\/wp-content\/uploads\/2018\/11\/IMG_20181115_121629-1024x768-640x480.jpg 2x\" data-envira-width=\"300\" data-envira-height=\"225\" srcset=\"data:image\/gif;base64,R0lGODlhAQABAIAAAP\/\/\/\/\/\/\/yH5BAEKAAEALAAAAAABAAEAAAICTAEAOw==\" data-safe-src=\"data:image\/gif;base64,R0lGODlhAQABAIAAAP\/\/\/\/\/\/\/yH5BAEKAAEALAAAAAABAAEAAAICTAEAOw==\" \/><\/a><\/div><\/div><div id=\"envira-gallery-item-198\" class=\"envira-gallery-item enviratope-item envira-gallery-item-5 envira-lazy-load\" style=\"padding-left: 5px; padding-bottom: 10px; padding-right: 5px;\"  itemscope itemtype=\"https:\/\/schema.org\/ImageObject\"><div class=\"envira-gallery-item-inner\"><div class=\"envira-gallery-position-overlay  envira-gallery-top-left\"><\/div><div class=\"envira-gallery-position-overlay  envira-gallery-top-right\"><\/div><div class=\"envira-gallery-position-overlay  envira-gallery-bottom-left\"><\/div><div class=\"envira-gallery-position-overlay  envira-gallery-bottom-right\"><\/div><a href=\"http:\/\/www.iesdamasoalonso.es\/pes\/wp-content\/uploads\/2018\/11\/IMG_20181115_130548.jpg\" class=\"envira-gallery-193 envira-gallery-link\" rel=\"enviragallery193\" title=\"IMG_20181115_130548\" data-envira-caption=\"IMG_20181115_130548\" data-envira-retina=\"\" data-thumbnail=\"\"  itemprop=\"contentUrl\"><img id=\"envira-gallery-image-198\" class=\"envira-gallery-image envira-gallery-image-5 envira-normal envira-lazy\" data-envira-index=\"5\" src=\"http:\/\/www.iesdamasoalonso.es\/pes\/wp-content\/uploads\/2018\/11\/IMG_20181115_130548-1024x768-640x480.jpg\" data-envira-src=\"http:\/\/www.iesdamasoalonso.es\/pes\/wp-content\/uploads\/2018\/11\/IMG_20181115_130548-1024x768-640x480.jpg\" data-envira-gallery-id=\"193\" data-envira-item-id=\"198\" data-envira-caption=\"IMG_20181115_130548\" alt=\"\" title=\"IMG_20181115_130548\"  itemprop=\"thumbnailUrl\" data-envira-srcset=\"http:\/\/www.iesdamasoalonso.es\/pes\/wp-content\/uploads\/2018\/11\/IMG_20181115_130548-1024x768-640x480.jpg 400w,http:\/\/www.iesdamasoalonso.es\/pes\/wp-content\/uploads\/2018\/11\/IMG_20181115_130548-1024x768-640x480.jpg 2x\" data-envira-width=\"300\" data-envira-height=\"225\" srcset=\"data:image\/gif;base64,R0lGODlhAQABAIAAAP\/\/\/\/\/\/\/yH5BAEKAAEALAAAAAABAAEAAAICTAEAOw==\" data-safe-src=\"data:image\/gif;base64,R0lGODlhAQABAIAAAP\/\/\/\/\/\/\/yH5BAEKAAEALAAAAAABAAEAAAICTAEAOw==\" \/><\/a><\/div><\/div><\/div><\/div><noscript><img src=\"http:\/\/www.iesdamasoalonso.es\/pes\/wp-content\/uploads\/2018\/11\/IMG_20181115_125316.jpg\" alt=\"\" \/><img src=\"http:\/\/www.iesdamasoalonso.es\/pes\/wp-content\/uploads\/2018\/11\/IMG_20181115_121611.jpg\" alt=\"\" \/><img src=\"http:\/\/www.iesdamasoalonso.es\/pes\/wp-content\/uploads\/2018\/11\/IMG_20181115_125319.jpg\" alt=\"\" \/><img src=\"http:\/\/www.iesdamasoalonso.es\/pes\/wp-content\/uploads\/2018\/11\/IMG_20181115_121629.jpg\" alt=\"\" \/><img src=\"http:\/\/www.iesdamasoalonso.es\/pes\/wp-content\/uploads\/2018\/11\/IMG_20181115_130548.jpg\" alt=\"\" \/><\/noscript>\n<p>&nbsp;<\/p>\n","protected":false},"excerpt":{"rendered":"<p>Actividad complementaria: Carrera de Orientaci\u00f3n. Fecha:15 de noviembre de 2018, Lugar : Minas del pozo norte (Puertollano) Resumen: Consisti\u00f3 en hacer un recorrido por grupos, ten\u00edan que llegar a lugares clave, que estaban reflejados en el mapa, recoger el mensaje, rellenar los cuadrantes y llegar lo antes posible a la meta. &nbsp; &nbsp;<\/p>\n","protected":false},"author":1,"featured_media":0,"parent":85,"menu_order":0,"comment_status":"closed","ping_status":"closed","template":"","meta":[],"_links":{"self":[{"href":"http:\/\/www.iesdamasoalonso.es\/pes\/wp-json\/wp\/v2\/pages\/190"}],"collection":[{"href":"http:\/\/www.iesdamasoalonso.es\/pes\/wp-json\/wp\/v2\/pages"}],"about":[{"href":"http:\/\/www.iesdamasoalonso.es\/pes\/wp-json\/wp\/v2\/types\/page"}],"author":[{"embeddable":true,"href":"http:\/\/www.iesdamasoalonso.es\/pes\/wp-json\/wp\/v2\/users\/1"}],"replies":[{"embeddable":true,"href":"http:\/\/www.iesdamasoalonso.es\/pes\/wp-json\/wp\/v2\/comments?post=190"}],"version-history":[{"count":0,"href":"http:\/\/www.iesdamasoalonso.es\/pes\/wp-json\/wp\/v2\/pages\/190\/revisions"}],"up":[{"embeddable":true,"href":"http:\/\/www.iesdamasoalonso.es\/pes\/wp-json\/wp\/v2\/pages\/85"}],"wp:attachment":[{"href":"http:\/\/www.iesdamasoalonso.es\/pes\/wp-json\/wp\/v2\/media?parent=190"}],"curies":[{"name":"wp","href":"https:\/\/api.w.org\/{rel}","templated":true}]}}