{"id":250,"date":"2019-02-07T11:03:06","date_gmt":"2019-02-07T11:03:06","guid":{"rendered":"http:\/\/www.iesdamasoalonso.es\/pes\/?page_id=250"},"modified":"2019-02-12T07:57:48","modified_gmt":"2019-02-12T07:57:48","slug":"esqui-en-xanadu","status":"publish","type":"page","link":"http:\/\/www.iesdamasoalonso.es\/pes\/programa-ix-actividades-fisico-deportivas-extraescurriculares\/esqui-en-xanadu\/","title":{"rendered":"Esqu\u00ed en Xanad\u00fa"},"content":{"rendered":"<p>Actividad Extracurricular de Iniciaci\u00f3n al Esqu\u00ed-Snow en el \u201cCentro Comercial Xanad\u00fa\u201d (Madrid) celebrada el pasado\u00a0d\u00eda 4 de febrero de 2019 con 54 alumnos de 3\u00ba y 4\u00ba de ESO y 1\u00ba de Bachillerato, acompa\u00f1ados por los profesores D\u00aa Laura Polo Ferrera, D. Juan Antonio Dur\u00e1 Valverde y D. Daniel Mart\u00ednez Gonz\u00e1lez-Moh\u00edno.<\/p>\n<p>Con la pr\u00e1ctica de esta actividad se pretend\u00eda acercar a los alumnos al conocimiento y experimentaci\u00f3n de destrezas y situaciones en un medio distinto al que habitualmente nos desenvolvemos, en la nieve.<\/p>\n<p>En esta l\u00ednea, los objetivos perseguidos fueron los siguientes:<\/p>\n<ul>\n<li>Iniciarse en la t\u00e9cnica b\u00e1sica del esqu\u00ed, un nuevo deporte para la mayor\u00eda de los alumnos.<\/li>\n<li>Mejorar la capacidad de equilibrio sobre un objeto en movimiento, as\u00ed como desarrollar habilidades y destrezas necesarias para la pr\u00e1ctica del esqu\u00ed<\/li>\n<li>Conocer y experimentar otra forma amena y divertida de desplazarse en la naturaleza y en un medio poco habitual.<\/li>\n<li>Disfrutar y divertirse unos d\u00edas en compa\u00f1\u00eda de otros compa\u00f1eros realizando actividad f\u00edsica.<\/li>\n<li>Motivar y aficionar a los alumnos a practicar un deporte tan divertido como el esqu\u00ed.<\/li>\n<li>Aprender las normas b\u00e1sicas de seguridad y comportamiento que debe tener un esquiador en las pistas.<\/li>\n<\/ul>\n<p>Cabe destacar que uno de los grupos de alumnos realizaron la actividad en ingl\u00e9s (alumnos biling\u00fces de 3\u00ba de ESO) con resultado muy satisfactorio.<\/p>\n<div id=\"envira-gallery-wrap-241\" class=\"envira-gallery-wrap envira-gallery-theme-base envira-lightbox-theme-base\" itemscope itemtype=\"https:\/\/schema.org\/ImageGallery\"><div style=\"opacity: 0.0\"  data-row-height=\"150\" data-gallery-theme=\"normal\" id=\"envira-gallery-241\" class=\"envira-gallery-public envira-gallery-justified-public envira-gallery-0-columns envira-clear enviratope envira-gallery-css-animations\" data-envira-columns=\"0\"><div id=\"envira-gallery-item-242\" class=\"envira-gallery-item enviratope-item envira-gallery-item-1\" style=\"padding-left: 5px; padding-bottom: 10px; padding-right: 5px;\"  itemscope itemtype=\"https:\/\/schema.org\/ImageObject\"><div class=\"envira-gallery-item-inner\"><div class=\"envira-gallery-position-overlay  envira-gallery-top-left\"><\/div><div class=\"envira-gallery-position-overlay  envira-gallery-top-right\"><\/div><div class=\"envira-gallery-position-overlay  envira-gallery-bottom-left\"><\/div><div class=\"envira-gallery-position-overlay  envira-gallery-bottom-right\"><\/div><a href=\"http:\/\/www.iesdamasoalonso.es\/pes\/wp-content\/uploads\/2019\/02\/20190204_131552.jpg\" class=\"envira-gallery-241 envira-gallery-link\" rel=\"enviragallery241\" title=\"20190204_131552\" data-envira-caption=\"20190204_131552\" data-envira-retina=\"\" data-thumbnail=\"\"  itemprop=\"contentUrl\"><img id=\"envira-gallery-image-242\" class=\"envira-gallery-image envira-gallery-image-1 envira-normal \" data-envira-index=\"1\" src=\"http:\/\/www.iesdamasoalonso.es\/pes\/wp-content\/uploads\/2019\/02\/20190204_131552-1024x768-640x480.jpg\" data-envira-src=\"http:\/\/www.iesdamasoalonso.es\/pes\/wp-content\/uploads\/2019\/02\/20190204_131552-1024x768-640x480.jpg\" data-envira-gallery-id=\"241\" data-envira-item-id=\"242\" data-envira-caption=\"20190204_131552\" alt=\"\" title=\"20190204_131552\"  itemprop=\"thumbnailUrl\" data-envira-srcset=\"http:\/\/www.iesdamasoalonso.es\/pes\/wp-content\/uploads\/2019\/02\/20190204_131552-1024x768-640x480.jpg 400w,http:\/\/www.iesdamasoalonso.es\/pes\/wp-content\/uploads\/2019\/02\/20190204_131552-1024x768-640x480.jpg 2x\" data-envira-width=\"300\" data-envira-height=\"225\" srcset=\"http:\/\/www.iesdamasoalonso.es\/pes\/wp-content\/uploads\/2019\/02\/20190204_131552-1280x960.jpg 2x\" data-safe-src=\"http:\/\/www.iesdamasoalonso.es\/pes\/wp-content\/uploads\/2019\/02\/20190204_131552-1024x768-640x480.jpg\" \/><\/a><\/div><\/div><div id=\"envira-gallery-item-243\" class=\"envira-gallery-item enviratope-item envira-gallery-item-2\" style=\"padding-left: 5px; padding-bottom: 10px; padding-right: 5px;\"  itemscope itemtype=\"https:\/\/schema.org\/ImageObject\"><div class=\"envira-gallery-item-inner\"><div class=\"envira-gallery-position-overlay  envira-gallery-top-left\"><\/div><div class=\"envira-gallery-position-overlay  envira-gallery-top-right\"><\/div><div class=\"envira-gallery-position-overlay  envira-gallery-bottom-left\"><\/div><div class=\"envira-gallery-position-overlay  envira-gallery-bottom-right\"><\/div><a href=\"http:\/\/www.iesdamasoalonso.es\/pes\/wp-content\/uploads\/2019\/02\/20190204_131644.jpg\" class=\"envira-gallery-241 envira-gallery-link\" rel=\"enviragallery241\" title=\"20190204_131644\" data-envira-caption=\"20190204_131644\" data-envira-retina=\"\" data-thumbnail=\"\"  itemprop=\"contentUrl\"><img id=\"envira-gallery-image-243\" class=\"envira-gallery-image envira-gallery-image-2 envira-normal \" data-envira-index=\"2\" src=\"http:\/\/www.iesdamasoalonso.es\/pes\/wp-content\/uploads\/2019\/02\/20190204_131644-1024x768-640x480.jpg\" data-envira-src=\"http:\/\/www.iesdamasoalonso.es\/pes\/wp-content\/uploads\/2019\/02\/20190204_131644-1024x768-640x480.jpg\" data-envira-gallery-id=\"241\" data-envira-item-id=\"243\" data-envira-caption=\"20190204_131644\" alt=\"\" title=\"20190204_131644\"  itemprop=\"thumbnailUrl\" data-envira-srcset=\"http:\/\/www.iesdamasoalonso.es\/pes\/wp-content\/uploads\/2019\/02\/20190204_131644-1024x768-640x480.jpg 400w,http:\/\/www.iesdamasoalonso.es\/pes\/wp-content\/uploads\/2019\/02\/20190204_131644-1024x768-640x480.jpg 2x\" data-envira-width=\"300\" data-envira-height=\"225\" srcset=\"http:\/\/www.iesdamasoalonso.es\/pes\/wp-content\/uploads\/2019\/02\/20190204_131644-1280x960.jpg 2x\" data-safe-src=\"http:\/\/www.iesdamasoalonso.es\/pes\/wp-content\/uploads\/2019\/02\/20190204_131644-1024x768-640x480.jpg\" \/><\/a><\/div><\/div><div id=\"envira-gallery-item-244\" class=\"envira-gallery-item enviratope-item envira-gallery-item-3\" style=\"padding-left: 5px; padding-bottom: 10px; padding-right: 5px;\"  itemscope itemtype=\"https:\/\/schema.org\/ImageObject\"><div class=\"envira-gallery-item-inner\"><div class=\"envira-gallery-position-overlay  envira-gallery-top-left\"><\/div><div class=\"envira-gallery-position-overlay  envira-gallery-top-right\"><\/div><div class=\"envira-gallery-position-overlay  envira-gallery-bottom-left\"><\/div><div class=\"envira-gallery-position-overlay  envira-gallery-bottom-right\"><\/div><a href=\"http:\/\/www.iesdamasoalonso.es\/pes\/wp-content\/uploads\/2019\/02\/20190204_132004.jpg\" class=\"envira-gallery-241 envira-gallery-link\" rel=\"enviragallery241\" title=\"20190204_132004\" data-envira-caption=\"20190204_132004\" data-envira-retina=\"\" data-thumbnail=\"\"  itemprop=\"contentUrl\"><img id=\"envira-gallery-image-244\" class=\"envira-gallery-image envira-gallery-image-3 envira-normal \" data-envira-index=\"3\" src=\"http:\/\/www.iesdamasoalonso.es\/pes\/wp-content\/uploads\/2019\/02\/20190204_132004-1024x768-640x480.jpg\" data-envira-src=\"http:\/\/www.iesdamasoalonso.es\/pes\/wp-content\/uploads\/2019\/02\/20190204_132004-1024x768-640x480.jpg\" data-envira-gallery-id=\"241\" data-envira-item-id=\"244\" data-envira-caption=\"20190204_132004\" alt=\"\" title=\"20190204_132004\"  itemprop=\"thumbnailUrl\" data-envira-srcset=\"http:\/\/www.iesdamasoalonso.es\/pes\/wp-content\/uploads\/2019\/02\/20190204_132004-1024x768-640x480.jpg 400w,http:\/\/www.iesdamasoalonso.es\/pes\/wp-content\/uploads\/2019\/02\/20190204_132004-1024x768-640x480.jpg 2x\" data-envira-width=\"300\" data-envira-height=\"225\" srcset=\"http:\/\/www.iesdamasoalonso.es\/pes\/wp-content\/uploads\/2019\/02\/20190204_132004-1280x960.jpg 2x\" data-safe-src=\"http:\/\/www.iesdamasoalonso.es\/pes\/wp-content\/uploads\/2019\/02\/20190204_132004-1024x768-640x480.jpg\" \/><\/a><\/div><\/div><div id=\"envira-gallery-item-245\" class=\"envira-gallery-item enviratope-item envira-gallery-item-4\" style=\"padding-left: 5px; padding-bottom: 10px; padding-right: 5px;\"  itemscope itemtype=\"https:\/\/schema.org\/ImageObject\"><div class=\"envira-gallery-item-inner\"><div class=\"envira-gallery-position-overlay  envira-gallery-top-left\"><\/div><div class=\"envira-gallery-position-overlay  envira-gallery-top-right\"><\/div><div class=\"envira-gallery-position-overlay  envira-gallery-bottom-left\"><\/div><div class=\"envira-gallery-position-overlay  envira-gallery-bottom-right\"><\/div><a href=\"http:\/\/www.iesdamasoalonso.es\/pes\/wp-content\/uploads\/2019\/02\/20190204_132153.jpg\" class=\"envira-gallery-241 envira-gallery-link\" rel=\"enviragallery241\" title=\"20190204_132153\" data-envira-caption=\"20190204_132153\" data-envira-retina=\"\" data-thumbnail=\"\"  itemprop=\"contentUrl\"><img id=\"envira-gallery-image-245\" class=\"envira-gallery-image envira-gallery-image-4 envira-normal \" data-envira-index=\"4\" src=\"http:\/\/www.iesdamasoalonso.es\/pes\/wp-content\/uploads\/2019\/02\/20190204_132153-1024x768-640x480.jpg\" data-envira-src=\"http:\/\/www.iesdamasoalonso.es\/pes\/wp-content\/uploads\/2019\/02\/20190204_132153-1024x768-640x480.jpg\" data-envira-gallery-id=\"241\" data-envira-item-id=\"245\" data-envira-caption=\"20190204_132153\" alt=\"\" title=\"20190204_132153\"  itemprop=\"thumbnailUrl\" data-envira-srcset=\"http:\/\/www.iesdamasoalonso.es\/pes\/wp-content\/uploads\/2019\/02\/20190204_132153-1024x768-640x480.jpg 400w,http:\/\/www.iesdamasoalonso.es\/pes\/wp-content\/uploads\/2019\/02\/20190204_132153-1024x768-640x480.jpg 2x\" data-envira-width=\"300\" data-envira-height=\"225\" srcset=\"http:\/\/www.iesdamasoalonso.es\/pes\/wp-content\/uploads\/2019\/02\/20190204_132153-1280x960.jpg 2x\" data-safe-src=\"http:\/\/www.iesdamasoalonso.es\/pes\/wp-content\/uploads\/2019\/02\/20190204_132153-1024x768-640x480.jpg\" \/><\/a><\/div><\/div><div id=\"envira-gallery-item-246\" class=\"envira-gallery-item enviratope-item envira-gallery-item-5\" style=\"padding-left: 5px; padding-bottom: 10px; padding-right: 5px;\"  itemscope itemtype=\"https:\/\/schema.org\/ImageObject\"><div class=\"envira-gallery-item-inner\"><div class=\"envira-gallery-position-overlay  envira-gallery-top-left\"><\/div><div class=\"envira-gallery-position-overlay  envira-gallery-top-right\"><\/div><div class=\"envira-gallery-position-overlay  envira-gallery-bottom-left\"><\/div><div class=\"envira-gallery-position-overlay  envira-gallery-bottom-right\"><\/div><a href=\"http:\/\/www.iesdamasoalonso.es\/pes\/wp-content\/uploads\/2019\/02\/20190204_134252.jpg\" class=\"envira-gallery-241 envira-gallery-link\" rel=\"enviragallery241\" title=\"20190204_134252\" data-envira-caption=\"20190204_134252\" data-envira-retina=\"\" data-thumbnail=\"\"  itemprop=\"contentUrl\"><img id=\"envira-gallery-image-246\" class=\"envira-gallery-image envira-gallery-image-5 envira-normal \" data-envira-index=\"5\" src=\"http:\/\/www.iesdamasoalonso.es\/pes\/wp-content\/uploads\/2019\/02\/20190204_134252-1024x768-640x480.jpg\" data-envira-src=\"http:\/\/www.iesdamasoalonso.es\/pes\/wp-content\/uploads\/2019\/02\/20190204_134252-1024x768-640x480.jpg\" data-envira-gallery-id=\"241\" data-envira-item-id=\"246\" data-envira-caption=\"20190204_134252\" alt=\"\" title=\"20190204_134252\"  itemprop=\"thumbnailUrl\" data-envira-srcset=\"http:\/\/www.iesdamasoalonso.es\/pes\/wp-content\/uploads\/2019\/02\/20190204_134252-1024x768-640x480.jpg 400w,http:\/\/www.iesdamasoalonso.es\/pes\/wp-content\/uploads\/2019\/02\/20190204_134252-1024x768-640x480.jpg 2x\" data-envira-width=\"300\" data-envira-height=\"225\" srcset=\"http:\/\/www.iesdamasoalonso.es\/pes\/wp-content\/uploads\/2019\/02\/20190204_134252-1280x960.jpg 2x\" data-safe-src=\"http:\/\/www.iesdamasoalonso.es\/pes\/wp-content\/uploads\/2019\/02\/20190204_134252-1024x768-640x480.jpg\" \/><\/a><\/div><\/div><div id=\"envira-gallery-item-247\" class=\"envira-gallery-item enviratope-item envira-gallery-item-6\" style=\"padding-left: 5px; padding-bottom: 10px; padding-right: 5px;\"  itemscope itemtype=\"https:\/\/schema.org\/ImageObject\"><div class=\"envira-gallery-item-inner\"><div class=\"envira-gallery-position-overlay  envira-gallery-top-left\"><\/div><div class=\"envira-gallery-position-overlay  envira-gallery-top-right\"><\/div><div class=\"envira-gallery-position-overlay  envira-gallery-bottom-left\"><\/div><div class=\"envira-gallery-position-overlay  envira-gallery-bottom-right\"><\/div><a href=\"http:\/\/www.iesdamasoalonso.es\/pes\/wp-content\/uploads\/2019\/02\/20190204_134334.jpg\" class=\"envira-gallery-241 envira-gallery-link\" rel=\"enviragallery241\" title=\"20190204_134334\" data-envira-caption=\"20190204_134334\" data-envira-retina=\"\" data-thumbnail=\"\"  itemprop=\"contentUrl\"><img id=\"envira-gallery-image-247\" class=\"envira-gallery-image envira-gallery-image-6 envira-normal \" data-envira-index=\"6\" src=\"http:\/\/www.iesdamasoalonso.es\/pes\/wp-content\/uploads\/2019\/02\/20190204_134334-1024x768-640x480.jpg\" data-envira-src=\"http:\/\/www.iesdamasoalonso.es\/pes\/wp-content\/uploads\/2019\/02\/20190204_134334-1024x768-640x480.jpg\" data-envira-gallery-id=\"241\" data-envira-item-id=\"247\" data-envira-caption=\"20190204_134334\" alt=\"\" title=\"20190204_134334\"  itemprop=\"thumbnailUrl\" data-envira-srcset=\"http:\/\/www.iesdamasoalonso.es\/pes\/wp-content\/uploads\/2019\/02\/20190204_134334-1024x768-640x480.jpg 400w,http:\/\/www.iesdamasoalonso.es\/pes\/wp-content\/uploads\/2019\/02\/20190204_134334-1024x768-640x480.jpg 2x\" data-envira-width=\"300\" data-envira-height=\"225\" srcset=\"http:\/\/www.iesdamasoalonso.es\/pes\/wp-content\/uploads\/2019\/02\/20190204_134334-1280x960.jpg 2x\" data-safe-src=\"http:\/\/www.iesdamasoalonso.es\/pes\/wp-content\/uploads\/2019\/02\/20190204_134334-1024x768-640x480.jpg\" \/><\/a><\/div><\/div><\/div><\/div><noscript><img src=\"http:\/\/www.iesdamasoalonso.es\/pes\/wp-content\/uploads\/2019\/02\/20190204_131552.jpg\" alt=\"\" \/><img src=\"http:\/\/www.iesdamasoalonso.es\/pes\/wp-content\/uploads\/2019\/02\/20190204_131644.jpg\" alt=\"\" \/><img src=\"http:\/\/www.iesdamasoalonso.es\/pes\/wp-content\/uploads\/2019\/02\/20190204_132004.jpg\" alt=\"\" \/><img src=\"http:\/\/www.iesdamasoalonso.es\/pes\/wp-content\/uploads\/2019\/02\/20190204_132153.jpg\" alt=\"\" \/><img src=\"http:\/\/www.iesdamasoalonso.es\/pes\/wp-content\/uploads\/2019\/02\/20190204_134252.jpg\" alt=\"\" \/><img src=\"http:\/\/www.iesdamasoalonso.es\/pes\/wp-content\/uploads\/2019\/02\/20190204_134334.jpg\" alt=\"\" \/><\/noscript>\n","protected":false},"excerpt":{"rendered":"<p>Actividad Extracurricular de Iniciaci\u00f3n al Esqu\u00ed-Snow en el \u201cCentro Comercial Xanad\u00fa\u201d (Madrid) celebrada el pasado\u00a0d\u00eda 4 de febrero de 2019 con 54 alumnos de 3\u00ba y 4\u00ba de ESO y 1\u00ba de Bachillerato, acompa\u00f1ados por los profesores D\u00aa Laura Polo Ferrera, D. Juan Antonio Dur\u00e1 Valverde y D. Daniel Mart\u00ednez Gonz\u00e1lez-Moh\u00edno. Con la pr\u00e1ctica de &hellip; <a href=\"http:\/\/www.iesdamasoalonso.es\/pes\/programa-ix-actividades-fisico-deportivas-extraescurriculares\/esqui-en-xanadu\/\" class=\"more-link\">Sigue leyendo <span class=\"screen-reader-text\">Esqu\u00ed en Xanad\u00fa<\/span><\/a><\/p>\n","protected":false},"author":1,"featured_media":0,"parent":167,"menu_order":2,"comment_status":"closed","ping_status":"closed","template":"","meta":[],"_links":{"self":[{"href":"http:\/\/www.iesdamasoalonso.es\/pes\/wp-json\/wp\/v2\/pages\/250"}],"collection":[{"href":"http:\/\/www.iesdamasoalonso.es\/pes\/wp-json\/wp\/v2\/pages"}],"about":[{"href":"http:\/\/www.iesdamasoalonso.es\/pes\/wp-json\/wp\/v2\/types\/page"}],"author":[{"embeddable":true,"href":"http:\/\/www.iesdamasoalonso.es\/pes\/wp-json\/wp\/v2\/users\/1"}],"replies":[{"embeddable":true,"href":"http:\/\/www.iesdamasoalonso.es\/pes\/wp-json\/wp\/v2\/comments?post=250"}],"version-history":[{"count":0,"href":"http:\/\/www.iesdamasoalonso.es\/pes\/wp-json\/wp\/v2\/pages\/250\/revisions"}],"up":[{"embeddable":true,"href":"http:\/\/www.iesdamasoalonso.es\/pes\/wp-json\/wp\/v2\/pages\/167"}],"wp:attachment":[{"href":"http:\/\/www.iesdamasoalonso.es\/pes\/wp-json\/wp\/v2\/media?parent=250"}],"curies":[{"name":"wp","href":"https:\/\/api.w.org\/{rel}","templated":true}]}}