{"id":262,"date":"2019-02-22T15:57:11","date_gmt":"2019-02-22T15:57:11","guid":{"rendered":"http:\/\/www.iesdamasoalonso.es\/pes\/?page_id=262"},"modified":"2019-02-22T16:12:25","modified_gmt":"2019-02-22T16:12:25","slug":"defensa-personal","status":"publish","type":"page","link":"http:\/\/www.iesdamasoalonso.es\/pes\/programa-v-deporte-en-familia\/defensa-personal\/","title":{"rendered":"Defensa Personal"},"content":{"rendered":"<p>El pasado lunes 18 de Febrero el Instituto D\u00e1maso Alonso de Puertollano dentro del programa de Proyectos Educativos Saludables (PES) que organiza la Consejer\u00eda de Educaci\u00f3n, Cultura y Deportes de la Junta de Castilla-La Mancha y a trav\u00e9s del departamento de Educaci\u00f3n F\u00edsica organizaron un sesi\u00f3n para la comunidad educativa de &#8220;Defensa Personal&#8221;.<\/p>\n<p>Dicha introducci\u00f3n a la &#8220;Defensa Personal&#8221; fue llevada a cabo por Jes\u00fas \u00c1lvarez Gonz\u00e1lez, profesional con amplia experiencia en la disciplina, el cual ha impartido este tipo de talleres en centros como Gym \u00e9lite y Fun&amp;Fitness situados en Puertollano, entre otros.<\/p>\n<p>Al tratarse de una pr\u00e1ctica piloto se organizo un grupo de 16 alumn@s del centro, 3 componentes del profesorado y la presidenta del AMPA del centro.<\/p>\n<p>El desenlace fue todo un \u00e9xito, debido al dinamismo de las actividades presentadas. Todas ellas fueron expuestas de una manera muy concreta, directa y sencilla, lo cual hacia que la comprensi\u00f3n y la puesta en practica de la din\u00e1mica fuesen naturales. Por consecuencia, las t\u00e9cnicas suced\u00edan de manera r\u00e1pida e intuitiva, aspecto que hizo que la participaci\u00f3n del grupo fuese total desde el inicio.<\/p>\n<p>Por otro lado, el grupo del alumnado en todo momento mostr\u00f3 gran inter\u00e9s para poder conocer y desarrollar diferentes t\u00e9cnicas, movimientos y pasos para poner en escena dicha, instrucciones que les estaban marcando, ya que para ellos es un tema muy actual, que les preocupa en su d\u00eda a d\u00eda.<\/p>\n<p>Con esta actividad, el centro, la comunidad educativa y el PES implican a diferentes estamentos con la intenci\u00f3n de crear una cultura de cambio. Para ello, presentan una serie de experiencias y situaciones que inquietan y les preocupan al alumnado, persiguiendo su motivaci\u00f3n, as\u00ed como es desarrollo de la actividad f\u00edsica antes, durante y despu\u00e9s de la jornada escolar<\/p>\n<p>No querr\u00edamos acabar esta nota, sin mencionar que el pr\u00f3ximo lunes 25 de febrero tendremos otra sesi\u00f3n de &#8220;Defensa Personal&#8221;, con el fin de promulgar las buenas pr\u00e1cticas dentro de la actividad f\u00edsica.<\/p>\n<div id=\"envira-gallery-wrap-264\" class=\"envira-gallery-wrap envira-gallery-theme-base envira-lightbox-theme-base\" itemscope itemtype=\"https:\/\/schema.org\/ImageGallery\"><div style=\"opacity: 0.0\"  data-row-height=\"150\" data-gallery-theme=\"normal\" id=\"envira-gallery-264\" class=\"envira-gallery-public envira-gallery-justified-public envira-gallery-0-columns envira-clear enviratope envira-gallery-css-animations\" data-envira-columns=\"0\"><div id=\"envira-gallery-item-265\" class=\"envira-gallery-item enviratope-item envira-gallery-item-1 envira-lazy-load\" style=\"padding-left: 5px; padding-bottom: 10px; padding-right: 5px;\"  itemscope itemtype=\"https:\/\/schema.org\/ImageObject\"><div class=\"envira-gallery-item-inner\"><div class=\"envira-gallery-position-overlay  envira-gallery-top-left\"><\/div><div class=\"envira-gallery-position-overlay  envira-gallery-top-right\"><\/div><div class=\"envira-gallery-position-overlay  envira-gallery-bottom-left\"><\/div><div class=\"envira-gallery-position-overlay  envira-gallery-bottom-right\"><\/div><a href=\"http:\/\/www.iesdamasoalonso.es\/pes\/wp-content\/uploads\/2019\/02\/IMG_20190218_165539_942.jpg\" class=\"envira-gallery-264 envira-gallery-link\" rel=\"enviragallery264\" title=\"IMG_20190218_165539_942\" data-envira-caption=\"IMG_20190218_165539_942\" data-envira-retina=\"\" data-thumbnail=\"\"  itemprop=\"contentUrl\"><img id=\"envira-gallery-image-265\" class=\"envira-gallery-image envira-gallery-image-1 envira-normal envira-lazy\" data-envira-index=\"1\" src=\"http:\/\/www.iesdamasoalonso.es\/pes\/wp-content\/uploads\/2019\/02\/IMG_20190218_165539_942-1024x768-640x480.jpg\" data-envira-src=\"http:\/\/www.iesdamasoalonso.es\/pes\/wp-content\/uploads\/2019\/02\/IMG_20190218_165539_942-1024x768-640x480.jpg\" data-envira-gallery-id=\"264\" data-envira-item-id=\"265\" data-envira-caption=\"IMG_20190218_165539_942\" alt=\"\" title=\"IMG_20190218_165539_942\"  itemprop=\"thumbnailUrl\" data-envira-srcset=\"http:\/\/www.iesdamasoalonso.es\/pes\/wp-content\/uploads\/2019\/02\/IMG_20190218_165539_942-1024x768-640x480.jpg 400w,http:\/\/www.iesdamasoalonso.es\/pes\/wp-content\/uploads\/2019\/02\/IMG_20190218_165539_942-1024x768-640x480.jpg 2x\" data-envira-width=\"300\" data-envira-height=\"225\" srcset=\"data:image\/gif;base64,R0lGODlhAQABAIAAAP\/\/\/\/\/\/\/yH5BAEKAAEALAAAAAABAAEAAAICTAEAOw==\" data-safe-src=\"data:image\/gif;base64,R0lGODlhAQABAIAAAP\/\/\/\/\/\/\/yH5BAEKAAEALAAAAAABAAEAAAICTAEAOw==\" \/><\/a><\/div><\/div><div id=\"envira-gallery-item-266\" class=\"envira-gallery-item enviratope-item envira-gallery-item-2 envira-lazy-load\" style=\"padding-left: 5px; padding-bottom: 10px; padding-right: 5px;\"  itemscope itemtype=\"https:\/\/schema.org\/ImageObject\"><div class=\"envira-gallery-item-inner\"><div class=\"envira-gallery-position-overlay  envira-gallery-top-left\"><\/div><div class=\"envira-gallery-position-overlay  envira-gallery-top-right\"><\/div><div class=\"envira-gallery-position-overlay  envira-gallery-bottom-left\"><\/div><div class=\"envira-gallery-position-overlay  envira-gallery-bottom-right\"><\/div><a href=\"http:\/\/www.iesdamasoalonso.es\/pes\/wp-content\/uploads\/2019\/02\/IMG_20190218_165606_795.jpg\" class=\"envira-gallery-264 envira-gallery-link\" rel=\"enviragallery264\" title=\"IMG_20190218_165606_795\" data-envira-caption=\"IMG_20190218_165606_795\" data-envira-retina=\"\" data-thumbnail=\"\"  itemprop=\"contentUrl\"><img id=\"envira-gallery-image-266\" class=\"envira-gallery-image envira-gallery-image-2 envira-normal envira-lazy\" data-envira-index=\"2\" src=\"http:\/\/www.iesdamasoalonso.es\/pes\/wp-content\/uploads\/2019\/02\/IMG_20190218_165606_795-1024x768-640x480.jpg\" data-envira-src=\"http:\/\/www.iesdamasoalonso.es\/pes\/wp-content\/uploads\/2019\/02\/IMG_20190218_165606_795-1024x768-640x480.jpg\" data-envira-gallery-id=\"264\" data-envira-item-id=\"266\" data-envira-caption=\"IMG_20190218_165606_795\" alt=\"\" title=\"IMG_20190218_165606_795\"  itemprop=\"thumbnailUrl\" data-envira-srcset=\"http:\/\/www.iesdamasoalonso.es\/pes\/wp-content\/uploads\/2019\/02\/IMG_20190218_165606_795-1024x768-640x480.jpg 400w,http:\/\/www.iesdamasoalonso.es\/pes\/wp-content\/uploads\/2019\/02\/IMG_20190218_165606_795-1024x768-640x480.jpg 2x\" data-envira-width=\"300\" data-envira-height=\"225\" srcset=\"data:image\/gif;base64,R0lGODlhAQABAIAAAP\/\/\/\/\/\/\/yH5BAEKAAEALAAAAAABAAEAAAICTAEAOw==\" data-safe-src=\"data:image\/gif;base64,R0lGODlhAQABAIAAAP\/\/\/\/\/\/\/yH5BAEKAAEALAAAAAABAAEAAAICTAEAOw==\" \/><\/a><\/div><\/div><div id=\"envira-gallery-item-267\" class=\"envira-gallery-item enviratope-item envira-gallery-item-3 envira-lazy-load\" style=\"padding-left: 5px; padding-bottom: 10px; padding-right: 5px;\"  itemscope itemtype=\"https:\/\/schema.org\/ImageObject\"><div class=\"envira-gallery-item-inner\"><div class=\"envira-gallery-position-overlay  envira-gallery-top-left\"><\/div><div class=\"envira-gallery-position-overlay  envira-gallery-top-right\"><\/div><div class=\"envira-gallery-position-overlay  envira-gallery-bottom-left\"><\/div><div class=\"envira-gallery-position-overlay  envira-gallery-bottom-right\"><\/div><a href=\"http:\/\/www.iesdamasoalonso.es\/pes\/wp-content\/uploads\/2019\/02\/IMG_20190218_165728_080.jpg\" class=\"envira-gallery-264 envira-gallery-link\" rel=\"enviragallery264\" title=\"IMG_20190218_165728_080\" data-envira-caption=\"IMG_20190218_165728_080\" data-envira-retina=\"\" data-thumbnail=\"\"  itemprop=\"contentUrl\"><img id=\"envira-gallery-image-267\" class=\"envira-gallery-image envira-gallery-image-3 envira-normal envira-lazy\" data-envira-index=\"3\" src=\"http:\/\/www.iesdamasoalonso.es\/pes\/wp-content\/uploads\/2019\/02\/IMG_20190218_165728_080-768x1024-640x480.jpg\" data-envira-src=\"http:\/\/www.iesdamasoalonso.es\/pes\/wp-content\/uploads\/2019\/02\/IMG_20190218_165728_080-768x1024-640x480.jpg\" data-envira-gallery-id=\"264\" data-envira-item-id=\"267\" data-envira-caption=\"IMG_20190218_165728_080\" alt=\"\" title=\"IMG_20190218_165728_080\"  itemprop=\"thumbnailUrl\" data-envira-srcset=\"http:\/\/www.iesdamasoalonso.es\/pes\/wp-content\/uploads\/2019\/02\/IMG_20190218_165728_080-768x1024-640x480.jpg 400w,http:\/\/www.iesdamasoalonso.es\/pes\/wp-content\/uploads\/2019\/02\/IMG_20190218_165728_080-768x1024-640x480.jpg 2x\" data-envira-width=\"225\" data-envira-height=\"300\" srcset=\"data:image\/gif;base64,R0lGODlhAQABAIAAAP\/\/\/\/\/\/\/yH5BAEKAAEALAAAAAABAAEAAAICTAEAOw==\" data-safe-src=\"data:image\/gif;base64,R0lGODlhAQABAIAAAP\/\/\/\/\/\/\/yH5BAEKAAEALAAAAAABAAEAAAICTAEAOw==\" \/><\/a><\/div><\/div><div id=\"envira-gallery-item-268\" class=\"envira-gallery-item enviratope-item envira-gallery-item-4 envira-lazy-load\" style=\"padding-left: 5px; padding-bottom: 10px; padding-right: 5px;\"  itemscope itemtype=\"https:\/\/schema.org\/ImageObject\"><div class=\"envira-gallery-item-inner\"><div class=\"envira-gallery-position-overlay  envira-gallery-top-left\"><\/div><div class=\"envira-gallery-position-overlay  envira-gallery-top-right\"><\/div><div class=\"envira-gallery-position-overlay  envira-gallery-bottom-left\"><\/div><div class=\"envira-gallery-position-overlay  envira-gallery-bottom-right\"><\/div><a href=\"http:\/\/www.iesdamasoalonso.es\/pes\/wp-content\/uploads\/2019\/02\/IMG_20190218_165944_8661.jpg\" class=\"envira-gallery-264 envira-gallery-link\" rel=\"enviragallery264\" title=\"IMG_20190218_165944_866(1)\" data-envira-caption=\"IMG_20190218_165944_866(1)\" data-envira-retina=\"\" data-thumbnail=\"\"  itemprop=\"contentUrl\"><img id=\"envira-gallery-image-268\" class=\"envira-gallery-image envira-gallery-image-4 envira-normal envira-lazy\" data-envira-index=\"4\" src=\"http:\/\/www.iesdamasoalonso.es\/pes\/wp-content\/uploads\/2019\/02\/IMG_20190218_165944_8661-768x1024-640x480.jpg\" data-envira-src=\"http:\/\/www.iesdamasoalonso.es\/pes\/wp-content\/uploads\/2019\/02\/IMG_20190218_165944_8661-768x1024-640x480.jpg\" data-envira-gallery-id=\"264\" data-envira-item-id=\"268\" data-envira-caption=\"IMG_20190218_165944_866(1)\" alt=\"\" title=\"IMG_20190218_165944_866(1)\"  itemprop=\"thumbnailUrl\" data-envira-srcset=\"http:\/\/www.iesdamasoalonso.es\/pes\/wp-content\/uploads\/2019\/02\/IMG_20190218_165944_8661-768x1024-640x480.jpg 400w,http:\/\/www.iesdamasoalonso.es\/pes\/wp-content\/uploads\/2019\/02\/IMG_20190218_165944_8661-768x1024-640x480.jpg 2x\" data-envira-width=\"225\" data-envira-height=\"300\" srcset=\"data:image\/gif;base64,R0lGODlhAQABAIAAAP\/\/\/\/\/\/\/yH5BAEKAAEALAAAAAABAAEAAAICTAEAOw==\" data-safe-src=\"data:image\/gif;base64,R0lGODlhAQABAIAAAP\/\/\/\/\/\/\/yH5BAEKAAEALAAAAAABAAEAAAICTAEAOw==\" \/><\/a><\/div><\/div><div id=\"envira-gallery-item-269\" class=\"envira-gallery-item enviratope-item envira-gallery-item-5 envira-lazy-load\" style=\"padding-left: 5px; padding-bottom: 10px; padding-right: 5px;\"  itemscope itemtype=\"https:\/\/schema.org\/ImageObject\"><div class=\"envira-gallery-item-inner\"><div class=\"envira-gallery-position-overlay  envira-gallery-top-left\"><\/div><div class=\"envira-gallery-position-overlay  envira-gallery-top-right\"><\/div><div class=\"envira-gallery-position-overlay  envira-gallery-bottom-left\"><\/div><div class=\"envira-gallery-position-overlay  envira-gallery-bottom-right\"><\/div><a href=\"http:\/\/www.iesdamasoalonso.es\/pes\/wp-content\/uploads\/2019\/02\/IMG_20190218_170116_4421.jpg\" class=\"envira-gallery-264 envira-gallery-link\" rel=\"enviragallery264\" title=\"IMG_20190218_170116_442(1)\" data-envira-caption=\"IMG_20190218_170116_442(1)\" data-envira-retina=\"\" data-thumbnail=\"\"  itemprop=\"contentUrl\"><img id=\"envira-gallery-image-269\" class=\"envira-gallery-image envira-gallery-image-5 envira-normal envira-lazy\" data-envira-index=\"5\" src=\"http:\/\/www.iesdamasoalonso.es\/pes\/wp-content\/uploads\/2019\/02\/IMG_20190218_170116_4421-1024x768-640x480.jpg\" data-envira-src=\"http:\/\/www.iesdamasoalonso.es\/pes\/wp-content\/uploads\/2019\/02\/IMG_20190218_170116_4421-1024x768-640x480.jpg\" data-envira-gallery-id=\"264\" data-envira-item-id=\"269\" data-envira-caption=\"IMG_20190218_170116_442(1)\" alt=\"\" title=\"IMG_20190218_170116_442(1)\"  itemprop=\"thumbnailUrl\" data-envira-srcset=\"http:\/\/www.iesdamasoalonso.es\/pes\/wp-content\/uploads\/2019\/02\/IMG_20190218_170116_4421-1024x768-640x480.jpg 400w,http:\/\/www.iesdamasoalonso.es\/pes\/wp-content\/uploads\/2019\/02\/IMG_20190218_170116_4421-1024x768-640x480.jpg 2x\" data-envira-width=\"300\" data-envira-height=\"225\" srcset=\"data:image\/gif;base64,R0lGODlhAQABAIAAAP\/\/\/\/\/\/\/yH5BAEKAAEALAAAAAABAAEAAAICTAEAOw==\" data-safe-src=\"data:image\/gif;base64,R0lGODlhAQABAIAAAP\/\/\/\/\/\/\/yH5BAEKAAEALAAAAAABAAEAAAICTAEAOw==\" \/><\/a><\/div><\/div><div id=\"envira-gallery-item-270\" class=\"envira-gallery-item enviratope-item envira-gallery-item-6 envira-lazy-load\" style=\"padding-left: 5px; padding-bottom: 10px; padding-right: 5px;\"  itemscope itemtype=\"https:\/\/schema.org\/ImageObject\"><div class=\"envira-gallery-item-inner\"><div class=\"envira-gallery-position-overlay  envira-gallery-top-left\"><\/div><div class=\"envira-gallery-position-overlay  envira-gallery-top-right\"><\/div><div class=\"envira-gallery-position-overlay  envira-gallery-bottom-left\"><\/div><div class=\"envira-gallery-position-overlay  envira-gallery-bottom-right\"><\/div><a href=\"http:\/\/www.iesdamasoalonso.es\/pes\/wp-content\/uploads\/2019\/02\/IMG_20190218_173005_907.jpg\" class=\"envira-gallery-264 envira-gallery-link\" rel=\"enviragallery264\" title=\"IMG_20190218_173005_907\" data-envira-caption=\"IMG_20190218_173005_907\" data-envira-retina=\"\" data-thumbnail=\"\"  itemprop=\"contentUrl\"><img id=\"envira-gallery-image-270\" class=\"envira-gallery-image envira-gallery-image-6 envira-normal envira-lazy\" data-envira-index=\"6\" src=\"http:\/\/www.iesdamasoalonso.es\/pes\/wp-content\/uploads\/2019\/02\/IMG_20190218_173005_907-1024x768-640x480.jpg\" data-envira-src=\"http:\/\/www.iesdamasoalonso.es\/pes\/wp-content\/uploads\/2019\/02\/IMG_20190218_173005_907-1024x768-640x480.jpg\" data-envira-gallery-id=\"264\" data-envira-item-id=\"270\" data-envira-caption=\"IMG_20190218_173005_907\" alt=\"\" title=\"IMG_20190218_173005_907\"  itemprop=\"thumbnailUrl\" data-envira-srcset=\"http:\/\/www.iesdamasoalonso.es\/pes\/wp-content\/uploads\/2019\/02\/IMG_20190218_173005_907-1024x768-640x480.jpg 400w,http:\/\/www.iesdamasoalonso.es\/pes\/wp-content\/uploads\/2019\/02\/IMG_20190218_173005_907-1024x768-640x480.jpg 2x\" data-envira-width=\"300\" data-envira-height=\"225\" srcset=\"data:image\/gif;base64,R0lGODlhAQABAIAAAP\/\/\/\/\/\/\/yH5BAEKAAEALAAAAAABAAEAAAICTAEAOw==\" data-safe-src=\"data:image\/gif;base64,R0lGODlhAQABAIAAAP\/\/\/\/\/\/\/yH5BAEKAAEALAAAAAABAAEAAAICTAEAOw==\" \/><\/a><\/div><\/div><\/div><\/div><noscript><img src=\"http:\/\/www.iesdamasoalonso.es\/pes\/wp-content\/uploads\/2019\/02\/IMG_20190218_165539_942.jpg\" alt=\"\" \/><img src=\"http:\/\/www.iesdamasoalonso.es\/pes\/wp-content\/uploads\/2019\/02\/IMG_20190218_165606_795.jpg\" alt=\"\" \/><img src=\"http:\/\/www.iesdamasoalonso.es\/pes\/wp-content\/uploads\/2019\/02\/IMG_20190218_165728_080.jpg\" alt=\"\" \/><img src=\"http:\/\/www.iesdamasoalonso.es\/pes\/wp-content\/uploads\/2019\/02\/IMG_20190218_165944_8661.jpg\" alt=\"\" \/><img src=\"http:\/\/www.iesdamasoalonso.es\/pes\/wp-content\/uploads\/2019\/02\/IMG_20190218_170116_4421.jpg\" alt=\"\" \/><img src=\"http:\/\/www.iesdamasoalonso.es\/pes\/wp-content\/uploads\/2019\/02\/IMG_20190218_173005_907.jpg\" alt=\"\" \/><\/noscript>\n","protected":false},"excerpt":{"rendered":"<p>El pasado lunes 18 de Febrero el Instituto D\u00e1maso Alonso de Puertollano dentro del programa de Proyectos Educativos Saludables (PES) que organiza la Consejer\u00eda de Educaci\u00f3n, Cultura y Deportes de la Junta de Castilla-La Mancha y a trav\u00e9s del departamento de Educaci\u00f3n F\u00edsica organizaron un sesi\u00f3n para la comunidad educativa de &#8220;Defensa Personal&#8221;. Dicha introducci\u00f3n &hellip; <a href=\"http:\/\/www.iesdamasoalonso.es\/pes\/programa-v-deporte-en-familia\/defensa-personal\/\" class=\"more-link\">Sigue leyendo <span class=\"screen-reader-text\">Defensa Personal<\/span><\/a><\/p>\n","protected":false},"author":1,"featured_media":0,"parent":136,"menu_order":2,"comment_status":"closed","ping_status":"closed","template":"","meta":[],"_links":{"self":[{"href":"http:\/\/www.iesdamasoalonso.es\/pes\/wp-json\/wp\/v2\/pages\/262"}],"collection":[{"href":"http:\/\/www.iesdamasoalonso.es\/pes\/wp-json\/wp\/v2\/pages"}],"about":[{"href":"http:\/\/www.iesdamasoalonso.es\/pes\/wp-json\/wp\/v2\/types\/page"}],"author":[{"embeddable":true,"href":"http:\/\/www.iesdamasoalonso.es\/pes\/wp-json\/wp\/v2\/users\/1"}],"replies":[{"embeddable":true,"href":"http:\/\/www.iesdamasoalonso.es\/pes\/wp-json\/wp\/v2\/comments?post=262"}],"version-history":[{"count":0,"href":"http:\/\/www.iesdamasoalonso.es\/pes\/wp-json\/wp\/v2\/pages\/262\/revisions"}],"up":[{"embeddable":true,"href":"http:\/\/www.iesdamasoalonso.es\/pes\/wp-json\/wp\/v2\/pages\/136"}],"wp:attachment":[{"href":"http:\/\/www.iesdamasoalonso.es\/pes\/wp-json\/wp\/v2\/media?parent=262"}],"curies":[{"name":"wp","href":"https:\/\/api.w.org\/{rel}","templated":true}]}}